{"id":4245,"date":"2023-01-10T08:25:47","date_gmt":"2023-01-10T08:25:47","guid":{"rendered":"https:\/\/belfort.qodeinteractive.com\/?page_id=4245"},"modified":"2025-09-25T15:46:57","modified_gmt":"2025-09-25T15:46:57","slug":"o-deweloperze","status":"publish","type":"page","link":"https:\/\/jhhome.com.pl\/en\/o-deweloperze\/","title":{"rendered":"O deweloperze"},"content":{"rendered":"<div data-elementor-type=\"wp-page\" data-elementor-id=\"4245\" class=\"elementor elementor-4245\">\n\t\t\t\t\t\t<section class=\"elementor-section elementor-top-section elementor-element elementor-element-91dcc2b elementor-section-full_width elementor-section-height-default elementor-section-height-default\" data-id=\"91dcc2b\" data-element_type=\"section\" data-settings=\"{&quot;background_background&quot;:&quot;classic&quot;}\">\n\t\t\t\t\t\t<div class=\"elementor-container elementor-column-gap-default\">\n\t\t\t\t\t<div class=\"elementor-column elementor-col-100 elementor-top-column elementor-element elementor-element-2235198\" data-id=\"2235198\" data-element_type=\"column\">\n\t\t\t<div class=\"elementor-widget-wrap elementor-element-populated\">\n\t\t\t\t\t\t<section class=\"elementor-section elementor-inner-section elementor-element elementor-element-436914a elementor-section-full_width elementor-section-height-min-height elementor-section-height-default\" data-id=\"436914a\" data-element_type=\"section\" data-settings=\"{&quot;background_background&quot;:&quot;classic&quot;}\">\n\t\t\t\t\t\t<div class=\"elementor-container elementor-column-gap-no\">\n\t\t\t\t\t<div class=\"elementor-column elementor-col-100 elementor-inner-column elementor-element elementor-element-9cbd688\" data-id=\"9cbd688\" data-element_type=\"column\">\n\t\t\t<div class=\"elementor-widget-wrap\">\n\t\t\t\t\t\t\t<\/div>\n\t\t<\/div>\n\t\t\t\t\t<\/div>\n\t\t<\/section>\n\t\t\t\t\t<\/div>\n\t\t<\/div>\n\t\t\t\t\t<\/div>\n\t\t<\/section>\n\t\t\t\t<section class=\"elementor-section elementor-top-section elementor-element elementor-element-7a540ad elementor-section-full_width elementor-section-height-default elementor-section-height-default\" data-id=\"7a540ad\" data-element_type=\"section\">\n\t\t\t\t\t\t<div class=\"elementor-container elementor-column-gap-default\">\n\t\t\t\t\t<div class=\"elementor-column elementor-col-100 elementor-top-column elementor-element elementor-element-23d2b1e\" data-id=\"23d2b1e\" data-element_type=\"column\">\n\t\t\t<div class=\"elementor-widget-wrap elementor-element-populated\">\n\t\t\t\t\t\t<section class=\"elementor-section elementor-inner-section elementor-element elementor-element-7869d5a qodef-elementor-content-grid elementor-section-boxed elementor-section-height-default elementor-section-height-default\" data-id=\"7869d5a\" data-element_type=\"section\">\n\t\t\t\t\t\t<div class=\"elementor-container elementor-column-gap-default\">\n\t\t\t\t\t<div class=\"elementor-column elementor-col-100 elementor-inner-column elementor-element elementor-element-3128440\" data-id=\"3128440\" data-element_type=\"column\">\n\t\t\t<div class=\"elementor-widget-wrap elementor-element-populated\">\n\t\t\t\t\t\t<div class=\"elementor-element elementor-element-ac1218c elementor-widget__width-initial elementor-widget elementor-widget-belfort_core_section_title\" data-id=\"ac1218c\" data-element_type=\"widget\" data-widget_type=\"belfort_core_section_title.default\">\n\t\t\t\t<div class=\"elementor-widget-container\">\n\t\t\t\t\t<div class=\"qodef-shortcode qodef-m qodef-section-title qodef-alignment--center\">\n    \t<p class=\"qodef-m-label\" >O Deweloperze<\/p>\n\t\t<h2 class=\"qodef-m-title\" >\n\t\t\t\t\tJH HOME. Architektura, kt\u00f3ra inspiruje codzienno\u015b\u0107. <img decoding=\"async\" src=\"https:\/\/jhhome.com.pl\/wp-content\/uploads\/2022\/12\/h5-img2.jpg\" alt=\"s\" \/>\t\t\t<\/h2>\n\t<\/div>\n\t\t\t\t<\/div>\n\t\t\t\t<\/div>\n\t\t\t\t\t<\/div>\n\t\t<\/div>\n\t\t\t\t\t<\/div>\n\t\t<\/section>\n\t\t\t\t\t<\/div>\n\t\t<\/div>\n\t\t\t\t\t<\/div>\n\t\t<\/section>\n\t\t\t\t<section class=\"elementor-section elementor-top-section elementor-element elementor-element-1b4ddec elementor-section-full_width elementor-section-height-default elementor-section-height-default\" data-id=\"1b4ddec\" data-element_type=\"section\" data-settings=\"{&quot;background_background&quot;:&quot;classic&quot;}\">\n\t\t\t\t\t\t<div class=\"elementor-container elementor-column-gap-default\">\n\t\t\t\t\t<div class=\"elementor-column elementor-col-50 elementor-top-column elementor-element elementor-element-0a9c6dc\" data-id=\"0a9c6dc\" data-element_type=\"column\" data-settings=\"{&quot;background_background&quot;:&quot;classic&quot;}\">\n\t\t\t<div class=\"elementor-widget-wrap elementor-element-populated\">\n\t\t\t\t\t\t<div class=\"elementor-element elementor-element-f1c46dc elementor-widget elementor-widget-belfort_core_section_title\" data-id=\"f1c46dc\" data-element_type=\"widget\" data-widget_type=\"belfort_core_section_title.default\">\n\t\t\t\t<div class=\"elementor-widget-container\">\n\t\t\t\t\t<div class=\"qodef-shortcode qodef-m qodef-section-title qodef-alignment--left\">\n    \t<p class=\"qodef-m-label\" style=\"margin-bottom: 8px;color: #181D24\">JH HOME<\/p>\n\t\t<h2 class=\"qodef-m-title\" style=\"color: #CA9D75\">\n\t\t\t\t\tKa\u017cdy detal ma znaczenie.\t\t\t<\/h2>\n\t<\/div>\n\t\t\t\t<\/div>\n\t\t\t\t<\/div>\n\t\t\t\t<div class=\"elementor-element elementor-element-04bb3df elementor-widget elementor-widget-belfort_core_dropcaps\" data-id=\"04bb3df\" data-element_type=\"widget\" data-widget_type=\"belfort_core_dropcaps.default\">\n\t\t\t\t<div class=\"elementor-widget-container\">\n\t\t\t\t\t<div class=\"qodef-shortcode qodef-m qodef-dropcaps qodef-type--simple\">\n\t<span class=\"qodef-m-letter\" >J<\/span>\n\t\t\t<p class=\"qodef-m-text\" >H HOME SP ZOO to firma deweloperska kt\u00f3ra specjalizuje si\u0119 w budowie nowoczesnych i trwa\u0142ych dom\u00f3w jednorodzinnych na lata. Stawiamy na materia\u0142y z klasy premium wysok\u0105 jako\u015b\u0107 wykonania, innowacyjne rozwi\u0105zania z dba\u0142o\u015b\u0107 o detale. \u0141\u0105czymy do\u015bwiadczenie z pasj\u0105 co przek\u0142ada si\u0119 na nasze domy kt\u00f3re s\u0105 funkcjonalne i komfortowe.<\/p>\n\t<\/div>\n\t\t\t\t<\/div>\n\t\t\t\t<\/div>\n\t\t\t\t<div class=\"elementor-element elementor-element-d097cbf elementor-widget elementor-widget-belfort_core_dropcaps\" data-id=\"d097cbf\" data-element_type=\"widget\" data-widget_type=\"belfort_core_dropcaps.default\">\n\t\t\t\t<div class=\"elementor-widget-container\">\n\t\t\t\t\t<div class=\"qodef-shortcode qodef-m qodef-dropcaps qodef-type--simple\">\n\t<span class=\"qodef-m-letter\" ><\/span>\n\t\t\t<p class=\"qodef-m-text\" >Naszym priorytetem jest wysoka jako\u015b\u0107 wykonania, premium materia\u0142y oraz innowacyjne rozwi\u0105zania \u2013 od energooszcz\u0119dnych instalacji po mo\u017cliwo\u015b\u0107 integracji paneli fotowoltaicznych. Ka\u017cdy projekt realizujemy z dba\u0142o\u015bci\u0105 o detal, tworz\u0105c przestrzenie, kt\u00f3re daj\u0105 poczucie komfortu, bezpiecze\u0144stwa i niezale\u017cno\u015bci.\n\nDo\u015bwiadczenie zespo\u0142u po\u0142\u0105czone z pasj\u0105 do architektury sprawia, \u017ce nasze domy to inwestycja na lata \u2013 funkcjonalne, wygodne i pi\u0119kne w swojej prostocie.<\/p>\n\t<\/div>\n\t\t\t\t<\/div>\n\t\t\t\t<\/div>\n\t\t\t\t<div class=\"elementor-element elementor-element-065fa75 elementor-widget elementor-widget-belfort_core_button\" data-id=\"065fa75\" data-element_type=\"widget\" data-widget_type=\"belfort_core_button.default\">\n\t\t\t\t<div class=\"elementor-widget-container\">\n\t\t\t\t\t<a class=\"qodef-shortcode qodef-m qodef-button qodef-layout--textual qodef-show-arrow--yes qodef-html--link\" href=\"\/en\/kontakt\/\" target=\"_self\"  >\n\t<span class=\"qodef-btn-text\">Kontakt z Nami<\/span>\n    <svg class=\"qodef-svg--button-arrow-textual qodef-arrow\" xmlns=\"http:\/\/www.w3.org\/2000\/svg\" width=\"29.041\" height=\"29.041\" viewbox=\"0 0 29.041 29.041\"><path d=\"M21.15168515 19.3110602a.661.661 0 0 0 .61235447.61235448.547.547 0 0 0 .56568542-.56568543l.4376991-12.45851438a.616.616 0 0 0-.64488138-.64488138l-12.46487834.49921739a.524.524 0 0 0-.56568543.56568542.661.661 0 0 0 .61235448.61235448l10.97853988-.40305087L6.4332575 21.77815576a.593.593 0 0 0 .0325269.83862865.593.593 0 0 0 .83862865.0325269L21.55544312 8.39828126Z\" fill=\"currentColor\"\/><\/svg><\/a>\n\t\t\t\t<\/div>\n\t\t\t\t<\/div>\n\t\t\t\t\t<\/div>\n\t\t<\/div>\n\t\t\t\t<div class=\"elementor-column elementor-col-50 elementor-top-column elementor-element elementor-element-8afd4a8\" data-id=\"8afd4a8\" data-element_type=\"column\" data-settings=\"{&quot;background_background&quot;:&quot;classic&quot;}\">\n\t\t\t<div class=\"elementor-widget-wrap elementor-element-populated\">\n\t\t\t\t\t\t<div class=\"elementor-element elementor-element-6a58a9c elementor-widget elementor-widget-spacer\" data-id=\"6a58a9c\" data-element_type=\"widget\" data-widget_type=\"spacer.default\">\n\t\t\t\t\t\t\t<div class=\"elementor-spacer\">\n\t\t\t<div class=\"elementor-spacer-inner\"><\/div>\n\t\t<\/div>\n\t\t\t\t\t\t<\/div>\n\t\t\t\t\t<\/div>\n\t\t<\/div>\n\t\t\t\t\t<\/div>\n\t\t<\/section>\n\t\t\t\t<section class=\"elementor-section elementor-top-section elementor-element elementor-element-2b3045f6 elementor-section-full_width qodef-elementor-content-grid elementor-section-height-default elementor-section-height-default\" data-id=\"2b3045f6\" data-element_type=\"section\">\n\t\t\t\t\t\t<div class=\"elementor-container elementor-column-gap-no\">\n\t\t\t\t\t<div class=\"elementor-column elementor-col-100 elementor-top-column elementor-element elementor-element-77b5b7ec\" data-id=\"77b5b7ec\" data-element_type=\"column\">\n\t\t\t<div class=\"elementor-widget-wrap elementor-element-populated\">\n\t\t\t\t\t\t<div class=\"elementor-element elementor-element-1b861dcc elementor-widget elementor-widget-belfort_core_section_title\" data-id=\"1b861dcc\" data-element_type=\"widget\" data-widget_type=\"belfort_core_section_title.default\">\n\t\t\t\t<div class=\"elementor-widget-container\">\n\t\t\t\t\t<div class=\"qodef-shortcode qodef-m qodef-section-title qodef-alignment--center\">\n    \t<p class=\"qodef-m-label\" style=\"margin-bottom: 10px\">Kontakt<\/p>\n\t\t<h2 class=\"qodef-m-title\" >\n\t\t\t\t\tSkontaktujemy si\u0119 z Tob\u0105\t\t\t<\/h2>\n\t<\/div>\n\t\t\t\t<\/div>\n\t\t\t\t<\/div>\n\t\t\t\t<div class=\"elementor-element elementor-element-358fbcde elementor-widget__width-initial elementor-widget elementor-widget-wp-widget-belfort_core_contact_form_7\" data-id=\"358fbcde\" data-element_type=\"widget\" data-widget_type=\"wp-widget-belfort_core_contact_form_7.default\">\n\t\t\t\t<div class=\"elementor-widget-container\">\n\t\t\t\t\t\t\t\t<div class=\"qodef-contact-form-7\">\n\t\t\t\t\n<div class=\"wpcf7 no-js\" id=\"wpcf7-f654-o1\" lang=\"en-US\" dir=\"ltr\" data-wpcf7-id=\"654\">\n<div class=\"screen-reader-response\"><p role=\"status\" aria-live=\"polite\" aria-atomic=\"true\"><\/p> <ul><\/ul><\/div>\n<form action=\"\/en\/wp-json\/wp\/v2\/pages\/4245#wpcf7-f654-o1\" method=\"post\" class=\"wpcf7-form init demo\" aria-label=\"Contact form\" novalidate=\"novalidate\" data-status=\"init\" data-trp-original-action=\"\/en\/wp-json\/wp\/v2\/pages\/4245#wpcf7-f654-o1\">\n<fieldset class=\"hidden-fields-container\"><input type=\"hidden\" name=\"_wpcf7\" value=\"654\" \/><input type=\"hidden\" name=\"_wpcf7_version\" value=\"6.1.1\" \/><input type=\"hidden\" name=\"_wpcf7_locale\" value=\"en_US\" \/><input type=\"hidden\" name=\"_wpcf7_unit_tag\" value=\"wpcf7-f654-o1\" \/><input type=\"hidden\" name=\"_wpcf7_container_post\" value=\"0\" \/><input type=\"hidden\" name=\"_wpcf7_posted_data_hash\" value=\"\" \/>\n<\/fieldset>\n<div class=\"qodef-main-contact\"><label><span class=\"wpcf7-form-control-wrap\" data-name=\"your-name\"><input size=\"40\" maxlength=\"400\" class=\"wpcf7-form-control wpcf7-text wpcf7-validates-as-required\" aria-required=\"true\" aria-invalid=\"false\" placeholder=\"Imi\u0119, nazwisko\" value=\"\" type=\"text\" name=\"your-name\" \/><\/span> <\/label><label><span class=\"wpcf7-form-control-wrap\" data-name=\"your-email\"><input size=\"40\" maxlength=\"400\" class=\"wpcf7-form-control wpcf7-email wpcf7-validates-as-required wpcf7-text wpcf7-validates-as-email\" aria-required=\"true\" aria-invalid=\"false\" placeholder=\"Adres e-mail\" value=\"\" type=\"email\" name=\"your-email\" \/><\/span> <\/label><label><span class=\"wpcf7-form-control-wrap\" data-name=\"your-phone\"><input size=\"40\" maxlength=\"400\" class=\"wpcf7-form-control wpcf7-text wpcf7-validates-as-required\" aria-required=\"true\" aria-invalid=\"false\" placeholder=\"Nr telefonu\" value=\"\" type=\"text\" name=\"your-phone\" \/><\/span><\/label><span class=\"qodef-label\"><span class=\"qodef-checkbox-holder\"><span class=\"wpcf7-form-control-wrap\" data-name=\"your-consent\"><span class=\"wpcf7-form-control wpcf7-acceptance\"><span class=\"wpcf7-list-item\"><label><input type=\"checkbox\" name=\"your-consent\" value=\"1\" aria-invalid=\"false\" \/><span class=\"wpcf7-list-item-label\">Akceptuj\u0119 z zapoznan\u0105 si\u0119<\/span><\/label><\/span><\/span><\/span> <a href=\"\/en\/polityka-prywatnosci\/\">polityk\u0105 prywatno\u015bci<\/a>.<\/span><\/span>\n\n<div class=\"qodef-button-holder\"><button class=\"wpcf7-form-control wpcf7-submit qodef-button qodef-size--normal qodef-layout--filled qodef-m\" type=\"submit\"><span class=\"qodef-m-text\">Wy\u015blij<\/span><\/button><\/div><\/div><div class=\"wpcf7-response-output\" aria-hidden=\"true\"><\/div>\n<input type=\"hidden\" name=\"trp-form-language\" value=\"en\"\/><\/form>\n<\/div>\n\t\t\t<\/div>\n\t\t\t\t\t\t\t<\/div>\n\t\t\t\t<\/div>\n\t\t\t\t\t<\/div>\n\t\t<\/div>\n\t\t\t\t\t<\/div>\n\t\t<\/section>\n\t\t\t\t<\/div>","protected":false},"excerpt":{"rendered":"<p>O Deweloperze JH HOME. Architektura, kt\u00f3ra inspiruje codzienno\u015b\u0107. JH HOME Ka\u017cdy detal ma znaczenie. J H HOME SP ZOO to firma deweloperska kt\u00f3ra specjalizuje si\u0119 w budowie nowoczesnych i trwa\u0142ych dom\u00f3w jednorodzinnych na lata. Stawiamy na materia\u0142y z klasy premium wysok\u0105 jako\u015b\u0107 wykonania, innowacyjne rozwi\u0105zania z dba\u0142o\u015b\u0107 o detale. \u0141\u0105czymy do\u015bwiadczenie z pasj\u0105 co przek\u0142ada [&hellip;]<\/p>\n","protected":false},"author":1,"featured_media":0,"parent":0,"menu_order":0,"comment_status":"closed","ping_status":"closed","template":"page-full-width.php","meta":{"footnotes":""},"class_list":["post-4245","page","type-page","status-publish","hentry"],"_links":{"self":[{"href":"https:\/\/jhhome.com.pl\/en\/wp-json\/wp\/v2\/pages\/4245","targetHints":{"allow":["GET"]}}],"collection":[{"href":"https:\/\/jhhome.com.pl\/en\/wp-json\/wp\/v2\/pages"}],"about":[{"href":"https:\/\/jhhome.com.pl\/en\/wp-json\/wp\/v2\/types\/page"}],"author":[{"embeddable":true,"href":"https:\/\/jhhome.com.pl\/en\/wp-json\/wp\/v2\/users\/1"}],"replies":[{"embeddable":true,"href":"https:\/\/jhhome.com.pl\/en\/wp-json\/wp\/v2\/comments?post=4245"}],"version-history":[{"count":7,"href":"https:\/\/jhhome.com.pl\/en\/wp-json\/wp\/v2\/pages\/4245\/revisions"}],"predecessor-version":[{"id":7658,"href":"https:\/\/jhhome.com.pl\/en\/wp-json\/wp\/v2\/pages\/4245\/revisions\/7658"}],"wp:attachment":[{"href":"https:\/\/jhhome.com.pl\/en\/wp-json\/wp\/v2\/media?parent=4245"}],"curies":[{"name":"wp","href":"https:\/\/api.w.org\/{rel}","templated":true}]}}