{"id":4627,"date":"2023-01-10T13:12:52","date_gmt":"2023-01-10T13:12:52","guid":{"rendered":"https:\/\/belfort.qodeinteractive.com\/?page_id=4627"},"modified":"2025-09-25T15:46:35","modified_gmt":"2025-09-25T15:46:35","slug":"kontakt","status":"publish","type":"page","link":"https:\/\/jhhome.com.pl\/en\/kontakt\/","title":{"rendered":"Kontakt"},"content":{"rendered":"<div data-elementor-type=\"wp-page\" data-elementor-id=\"4627\" class=\"elementor elementor-4627\">\n\t\t\t\t\t\t<section class=\"elementor-section elementor-top-section elementor-element elementor-element-a860b79 elementor-section-full_width elementor-section-height-default elementor-section-height-default\" data-id=\"a860b79\" data-element_type=\"section\">\n\t\t\t\t\t\t<div class=\"elementor-container elementor-column-gap-no\">\n\t\t\t\t\t<div class=\"elementor-column elementor-col-100 elementor-top-column elementor-element elementor-element-aa069e0\" data-id=\"aa069e0\" data-element_type=\"column\">\n\t\t\t<div class=\"elementor-widget-wrap elementor-element-populated\">\n\t\t\t\t\t\t<div class=\"elementor-element elementor-element-6e84148 elementor-widget elementor-widget-belfort_core_image_with_badge\" data-id=\"6e84148\" data-element_type=\"widget\" data-widget_type=\"belfort_core_image_with_badge.default\">\n\t\t\t\t<div class=\"elementor-widget-container\">\n\t\t\t\t\t<div class=\"qodef-shortcode qodef-m qodef-image-with-badge qodef-layout--text-below qodef-alignment--left qodef-show-image-border--no\">\n    <div class=\"qodef-m-image-inner-holder\">\n        <div class=\"qodef-m-image\" >\n\t\t\t<img fetchpriority=\"high\" decoding=\"async\" width=\"2560\" height=\"716\" src=\"https:\/\/jhhome.com.pl\/wp-content\/uploads\/2025\/09\/kontakt-1-scaled.jpg\" class=\"attachment-full size-full\" alt=\"\" srcset=\"https:\/\/jhhome.com.pl\/wp-content\/uploads\/2025\/09\/kontakt-1-scaled.jpg 2560w, https:\/\/jhhome.com.pl\/wp-content\/uploads\/2025\/09\/kontakt-1-300x84.jpg 300w, https:\/\/jhhome.com.pl\/wp-content\/uploads\/2025\/09\/kontakt-1-1024x286.jpg 1024w, https:\/\/jhhome.com.pl\/wp-content\/uploads\/2025\/09\/kontakt-1-768x215.jpg 768w, https:\/\/jhhome.com.pl\/wp-content\/uploads\/2025\/09\/kontakt-1-1536x429.jpg 1536w, https:\/\/jhhome.com.pl\/wp-content\/uploads\/2025\/09\/kontakt-1-2048x572.jpg 2048w\" sizes=\"(max-width: 2560px) 100vw, 2560px\" \/>    <\/div>\n            <\/div>\n\t<div class=\"qodef-m-badge-content\">\n        <div class=\"qodef-m-badge\">\n    <img decoding=\"async\" width=\"74\" height=\"74\" src=\"https:\/\/jhhome.com.pl\/wp-content\/uploads\/2023\/01\/request-img2.png\" class=\"attachment-full size-full\" alt=\"d\" \/><\/div>\n        <div class=\"qodef-badge-info\">\n            \t<span class=\"qodef-m-title\" >\n\t\t\t\t\tZadzwo\u0144 do nas\t\t\t<\/span>\n            \t<p class=\"qodef-m-text\" >\n                <a itemprop=\"url\" href=\"tel:+48%20607%20363%20931\" target=\"_self\">\n                        +48 607 363 931                    <\/a>\n        <\/p>\n        <\/div>\n\t<\/div>\n<\/div>\n\t\t\t\t<\/div>\n\t\t\t\t<\/div>\n\t\t\t\t\t<\/div>\n\t\t<\/div>\n\t\t\t\t\t<\/div>\n\t\t<\/section>\n\t\t\t\t<section class=\"elementor-section elementor-top-section elementor-element elementor-element-5435db61 elementor-section-full_width qodef-elementor-content-grid elementor-section-height-default elementor-section-height-default\" data-id=\"5435db61\" data-element_type=\"section\">\n\t\t\t\t\t\t<div class=\"elementor-container elementor-column-gap-no\">\n\t\t\t\t\t<div class=\"elementor-column elementor-col-100 elementor-top-column elementor-element elementor-element-44ed6832\" data-id=\"44ed6832\" data-element_type=\"column\">\n\t\t\t<div class=\"elementor-widget-wrap elementor-element-populated\">\n\t\t\t\t\t\t<div class=\"elementor-element elementor-element-2baf9387 elementor-widget__width-initial elementor-widget-tablet__width-initial elementor-widget elementor-widget-belfort_core_section_title\" data-id=\"2baf9387\" data-element_type=\"widget\" data-widget_type=\"belfort_core_section_title.default\">\n\t\t\t\t<div class=\"elementor-widget-container\">\n\t\t\t\t\t<div class=\"qodef-shortcode qodef-m qodef-section-title qodef-alignment--center\">\n    \t<p class=\"qodef-m-label\" style=\"margin-bottom: 10px\">Kontakt<\/p>\n\t\t<h2 class=\"qodef-m-title\" style=\"color: #CA9D75\">\n\t\t\t\t\tSkontaktujemy si\u0119\u00a0z Tob\u0105\t\t\t<\/h2>\n\t<\/div>\n\t\t\t\t<\/div>\n\t\t\t\t<\/div>\n\t\t\t\t<div class=\"elementor-element elementor-element-6bc2787c elementor-widget__width-initial elementor-widget-tablet__width-initial elementor-widget elementor-widget-wp-widget-belfort_core_contact_form_7\" data-id=\"6bc2787c\" data-element_type=\"widget\" data-widget_type=\"wp-widget-belfort_core_contact_form_7.default\">\n\t\t\t\t<div class=\"elementor-widget-container\">\n\t\t\t\t\t\t\t\t<div class=\"qodef-contact-form-7\">\n\t\t\t\t\n<div class=\"wpcf7 no-js\" id=\"wpcf7-f654-o1\" lang=\"en-US\" dir=\"ltr\" data-wpcf7-id=\"654\">\n<div class=\"screen-reader-response\"><p role=\"status\" aria-live=\"polite\" aria-atomic=\"true\"><\/p> <ul><\/ul><\/div>\n<form action=\"\/en\/wp-json\/wp\/v2\/pages\/4627#wpcf7-f654-o1\" method=\"post\" class=\"wpcf7-form init demo\" aria-label=\"Contact form\" novalidate=\"novalidate\" data-status=\"init\" data-trp-original-action=\"\/en\/wp-json\/wp\/v2\/pages\/4627#wpcf7-f654-o1\">\n<fieldset class=\"hidden-fields-container\"><input type=\"hidden\" name=\"_wpcf7\" value=\"654\" \/><input type=\"hidden\" name=\"_wpcf7_version\" value=\"6.1.1\" \/><input type=\"hidden\" name=\"_wpcf7_locale\" value=\"en_US\" \/><input type=\"hidden\" name=\"_wpcf7_unit_tag\" value=\"wpcf7-f654-o1\" \/><input type=\"hidden\" name=\"_wpcf7_container_post\" value=\"0\" \/><input type=\"hidden\" name=\"_wpcf7_posted_data_hash\" value=\"\" \/>\n<\/fieldset>\n<div class=\"qodef-main-contact\"><label><span class=\"wpcf7-form-control-wrap\" data-name=\"your-name\"><input size=\"40\" maxlength=\"400\" class=\"wpcf7-form-control wpcf7-text wpcf7-validates-as-required\" aria-required=\"true\" aria-invalid=\"false\" placeholder=\"Imi\u0119, nazwisko\" value=\"\" type=\"text\" name=\"your-name\" \/><\/span> <\/label><label><span class=\"wpcf7-form-control-wrap\" data-name=\"your-email\"><input size=\"40\" maxlength=\"400\" class=\"wpcf7-form-control wpcf7-email wpcf7-validates-as-required wpcf7-text wpcf7-validates-as-email\" aria-required=\"true\" aria-invalid=\"false\" placeholder=\"Adres e-mail\" value=\"\" type=\"email\" name=\"your-email\" \/><\/span> <\/label><label><span class=\"wpcf7-form-control-wrap\" data-name=\"your-phone\"><input size=\"40\" maxlength=\"400\" class=\"wpcf7-form-control wpcf7-text wpcf7-validates-as-required\" aria-required=\"true\" aria-invalid=\"false\" placeholder=\"Nr telefonu\" value=\"\" type=\"text\" name=\"your-phone\" \/><\/span><\/label><span class=\"qodef-label\"><span class=\"qodef-checkbox-holder\"><span class=\"wpcf7-form-control-wrap\" data-name=\"your-consent\"><span class=\"wpcf7-form-control wpcf7-acceptance\"><span class=\"wpcf7-list-item\"><label><input type=\"checkbox\" name=\"your-consent\" value=\"1\" aria-invalid=\"false\" \/><span class=\"wpcf7-list-item-label\">Akceptuj\u0119 z zapoznan\u0105 si\u0119<\/span><\/label><\/span><\/span><\/span> <a href=\"\/en\/polityka-prywatnosci\/\">polityk\u0105 prywatno\u015bci<\/a>.<\/span><\/span>\n\n<div class=\"qodef-button-holder\"><button class=\"wpcf7-form-control wpcf7-submit qodef-button qodef-size--normal qodef-layout--filled qodef-m\" type=\"submit\"><span class=\"qodef-m-text\">Wy\u015blij<\/span><\/button><\/div><\/div><div class=\"wpcf7-response-output\" aria-hidden=\"true\"><\/div>\n<input type=\"hidden\" name=\"trp-form-language\" value=\"en\"\/><\/form>\n<\/div>\n\t\t\t<\/div>\n\t\t\t\t\t\t\t<\/div>\n\t\t\t\t<\/div>\n\t\t\t\t\t<\/div>\n\t\t<\/div>\n\t\t\t\t\t<\/div>\n\t\t<\/section>\n\t\t\t\t<\/div>","protected":false},"excerpt":{"rendered":"<p>Zadzwo\u0144 do nas +48 607 363 931 Kontakt Skontaktujemy si\u0119\u00a0z Tob\u0105<\/p>","protected":false},"author":1,"featured_media":0,"parent":0,"menu_order":0,"comment_status":"closed","ping_status":"closed","template":"page-full-width.php","meta":{"footnotes":""},"class_list":["post-4627","page","type-page","status-publish","hentry"],"_links":{"self":[{"href":"https:\/\/jhhome.com.pl\/en\/wp-json\/wp\/v2\/pages\/4627","targetHints":{"allow":["GET"]}}],"collection":[{"href":"https:\/\/jhhome.com.pl\/en\/wp-json\/wp\/v2\/pages"}],"about":[{"href":"https:\/\/jhhome.com.pl\/en\/wp-json\/wp\/v2\/types\/page"}],"author":[{"embeddable":true,"href":"https:\/\/jhhome.com.pl\/en\/wp-json\/wp\/v2\/users\/1"}],"replies":[{"embeddable":true,"href":"https:\/\/jhhome.com.pl\/en\/wp-json\/wp\/v2\/comments?post=4627"}],"version-history":[{"count":13,"href":"https:\/\/jhhome.com.pl\/en\/wp-json\/wp\/v2\/pages\/4627\/revisions"}],"predecessor-version":[{"id":7649,"href":"https:\/\/jhhome.com.pl\/en\/wp-json\/wp\/v2\/pages\/4627\/revisions\/7649"}],"wp:attachment":[{"href":"https:\/\/jhhome.com.pl\/en\/wp-json\/wp\/v2\/media?parent=4627"}],"curies":[{"name":"wp","href":"https:\/\/api.w.org\/{rel}","templated":true}]}}