{"id":7650,"date":"2025-09-25T15:17:49","date_gmt":"2025-09-25T15:17:49","guid":{"rendered":"https:\/\/jhhome.com.pl\/?page_id=7650"},"modified":"2026-03-27T14:16:05","modified_gmt":"2026-03-27T14:16:05","slug":"lokalizacja","status":"publish","type":"page","link":"https:\/\/jhhome.com.pl\/en\/lokalizacja\/","title":{"rendered":"Lokalizacja"},"content":{"rendered":"<div data-elementor-type=\"wp-page\" data-elementor-id=\"7650\" class=\"elementor elementor-7650\">\n\t\t\t\t\t\t<section class=\"elementor-section elementor-top-section elementor-element elementor-element-91dcc2b elementor-section-full_width elementor-section-height-default elementor-section-height-default\" data-id=\"91dcc2b\" data-element_type=\"section\" data-settings=\"{&quot;background_background&quot;:&quot;classic&quot;}\">\n\t\t\t\t\t\t<div class=\"elementor-container elementor-column-gap-default\">\n\t\t\t\t\t<div class=\"elementor-column elementor-col-100 elementor-top-column elementor-element elementor-element-2235198\" data-id=\"2235198\" data-element_type=\"column\">\n\t\t\t<div class=\"elementor-widget-wrap elementor-element-populated\">\n\t\t\t\t\t\t<section class=\"elementor-section elementor-inner-section elementor-element elementor-element-436914a elementor-section-full_width elementor-section-height-min-height elementor-section-height-default\" data-id=\"436914a\" data-element_type=\"section\" data-settings=\"{&quot;background_background&quot;:&quot;classic&quot;}\">\n\t\t\t\t\t\t<div class=\"elementor-container elementor-column-gap-no\">\n\t\t\t\t\t<div class=\"elementor-column elementor-col-100 elementor-inner-column elementor-element elementor-element-9cbd688\" data-id=\"9cbd688\" data-element_type=\"column\">\n\t\t\t<div class=\"elementor-widget-wrap\">\n\t\t\t\t\t\t\t<\/div>\n\t\t<\/div>\n\t\t\t\t\t<\/div>\n\t\t<\/section>\n\t\t\t\t\t<\/div>\n\t\t<\/div>\n\t\t\t\t\t<\/div>\n\t\t<\/section>\n\t\t\t\t<section class=\"elementor-section elementor-top-section elementor-element elementor-element-da9ae01 elementor-section-full_width elementor-section-height-default elementor-section-height-default\" data-id=\"da9ae01\" data-element_type=\"section\" data-settings=\"{&quot;background_background&quot;:&quot;classic&quot;}\">\n\t\t\t\t\t\t<div class=\"elementor-container elementor-column-gap-default\">\n\t\t\t\t\t<div class=\"elementor-column elementor-col-100 elementor-top-column elementor-element elementor-element-eb57133\" data-id=\"eb57133\" data-element_type=\"column\">\n\t\t\t<div class=\"elementor-widget-wrap elementor-element-populated\">\n\t\t\t\t\t\t<section class=\"elementor-section elementor-inner-section elementor-element elementor-element-bfd4d31 qodef-elementor-content-grid elementor-section-boxed elementor-section-height-default elementor-section-height-default\" data-id=\"bfd4d31\" data-element_type=\"section\">\n\t\t\t\t\t\t<div class=\"elementor-container elementor-column-gap-default\">\n\t\t\t\t\t<div class=\"elementor-column elementor-col-100 elementor-inner-column elementor-element elementor-element-4b8d483\" data-id=\"4b8d483\" data-element_type=\"column\">\n\t\t\t<div class=\"elementor-widget-wrap elementor-element-populated\">\n\t\t\t\t\t\t<div class=\"elementor-element elementor-element-3591d58 elementor-widget__width-initial elementor-widget elementor-widget-belfort_core_section_title\" data-id=\"3591d58\" data-element_type=\"widget\" data-widget_type=\"belfort_core_section_title.default\">\n\t\t\t\t<div class=\"elementor-widget-container\">\n\t\t\t\t\t<div class=\"qodef-shortcode qodef-m qodef-section-title qodef-alignment--center\">\n    \t<p class=\"qodef-m-label\" style=\"margin-bottom: 8px;color: #181D24\">Bia\u0142o\u0142\u0119cka 263<\/p>\n\t\t<h2 class=\"qodef-m-title\" style=\"color: #CA9D75\">\n\t\t\t\t\tLokalizacja\t\t\t<\/h2>\n\t\t<p class=\"qodef-m-text\" >Bia\u0142o\u0142\u0119ka to idealne miejsce dla ludzi ceni\u0105cych sobie spok\u00f3j, komfort i wygod\u0119 blisko natury a zarazem sprawne po\u0142\u0105czenie z\u00a0 centrum Warszawy. Na kameraln\u0105 atmosfer\u0119 miejsca wp\u0142ywa s\u0105siedztwo lasu i kana\u0142u rzeki D\u0142ugiej.<\/p>\n<\/div>\n\t\t\t\t<\/div>\n\t\t\t\t<\/div>\n\t\t\t\t\t<\/div>\n\t\t<\/div>\n\t\t\t\t\t<\/div>\n\t\t<\/section>\n\t\t\t\t<section class=\"elementor-section elementor-inner-section elementor-element elementor-element-d971614 qodef-elementor-content-grid elementor-section-boxed elementor-section-height-default elementor-section-height-default\" data-id=\"d971614\" data-element_type=\"section\">\n\t\t\t\t\t\t<div class=\"elementor-container elementor-column-gap-default\">\n\t\t\t\t\t<div class=\"elementor-column elementor-col-33 elementor-inner-column elementor-element elementor-element-648ffb1\" data-id=\"648ffb1\" data-element_type=\"column\">\n\t\t\t<div class=\"elementor-widget-wrap elementor-element-populated\">\n\t\t\t\t\t\t<div class=\"elementor-element elementor-element-6dbe6fa elementor-widget elementor-widget-belfort_core_icon_with_text\" data-id=\"6dbe6fa\" data-element_type=\"widget\" data-widget_type=\"belfort_core_icon_with_text.default\">\n\t\t\t\t<div class=\"elementor-widget-container\">\n\t\t\t\t\t<div class=\"qodef-shortcode qodef-m qodef-icon-with-text qodef-layout--top qodef--custom-icon qodef-alignment--center\">\n\t<div class=\"qodef-m-icon-wrapper\">\n\t\t\t\t\t<img decoding=\"async\" width=\"96\" height=\"96\" src=\"https:\/\/jhhome.com.pl\/wp-content\/uploads\/2025\/09\/nature_96dp_CA9D75_FILL0_wght200_GRAD0_opsz48.png\" class=\"attachment-full size-full\" alt=\"\" \/>\t\t<\/div>\n\t\t\t<div class=\"qodef-m-content\">\n\t\t\t\t<h6 class=\"qodef-m-title\" style=\"color: #181D24\">\n\t\t\t\t\t<span class=\"qodef-m-title-text\">Bia\u0142o\u0142\u0119ka<\/span>\n\t\t\t<\/h6>\n\t\t\t\t<p class=\"qodef-m-text\" style=\"color: #66696C\">Zielona, spokojna cz\u0119\u015b\u0107 Bia\u0142o\u0142\u0119ki. <\/p>\n\t\t<\/div>\n\t<\/div>\n\t\t\t\t<\/div>\n\t\t\t\t<\/div>\n\t\t\t\t\t<\/div>\n\t\t<\/div>\n\t\t\t\t<div class=\"elementor-column elementor-col-33 elementor-inner-column elementor-element elementor-element-d467c3b\" data-id=\"d467c3b\" data-element_type=\"column\">\n\t\t\t<div class=\"elementor-widget-wrap elementor-element-populated\">\n\t\t\t\t\t\t<div class=\"elementor-element elementor-element-d2d180d elementor-widget elementor-widget-belfort_core_icon_with_text\" data-id=\"d2d180d\" data-element_type=\"widget\" data-widget_type=\"belfort_core_icon_with_text.default\">\n\t\t\t\t<div class=\"elementor-widget-container\">\n\t\t\t\t\t<div class=\"qodef-shortcode qodef-m qodef-icon-with-text qodef-layout--top qodef--custom-icon qodef-alignment--center\">\n\t<div class=\"qodef-m-icon-wrapper\">\n\t\t\t\t\t<img decoding=\"async\" width=\"96\" height=\"96\" src=\"https:\/\/jhhome.com.pl\/wp-content\/uploads\/2025\/09\/emoji_transportation_96dp_CA9D75_FILL0_wght200_GRAD0_opsz48.png\" class=\"attachment-full size-full\" alt=\"\" \/>\t\t<\/div>\n\t\t\t<div class=\"qodef-m-content\">\n\t\t\t\t<h6 class=\"qodef-m-title\" style=\"color: #181D24\">\n\t\t\t\t\t<span class=\"qodef-m-title-text\">Centrum<\/span>\n\t\t\t<\/h6>\n\t\t\t\t<p class=\"qodef-m-text\" style=\"color: #66696C\">Do centrum: 25\u201335 minut autem, Most Grota \u2013 10\u201315 minut. <\/p>\n\t\t<\/div>\n\t<\/div>\n\t\t\t\t<\/div>\n\t\t\t\t<\/div>\n\t\t\t\t\t<\/div>\n\t\t<\/div>\n\t\t\t\t<div class=\"elementor-column elementor-col-33 elementor-inner-column elementor-element elementor-element-a103d34\" data-id=\"a103d34\" data-element_type=\"column\">\n\t\t\t<div class=\"elementor-widget-wrap elementor-element-populated\">\n\t\t\t\t\t\t<div class=\"elementor-element elementor-element-c62fe56 elementor-widget elementor-widget-belfort_core_icon_with_text\" data-id=\"c62fe56\" data-element_type=\"widget\" data-widget_type=\"belfort_core_icon_with_text.default\">\n\t\t\t\t<div class=\"elementor-widget-container\">\n\t\t\t\t\t<div class=\"qodef-shortcode qodef-m qodef-icon-with-text qodef-layout--top qodef--custom-icon qodef-alignment--center\">\n\t<div class=\"qodef-m-icon-wrapper\">\n\t\t\t\t\t<img decoding=\"async\" width=\"96\" height=\"96\" src=\"https:\/\/jhhome.com.pl\/wp-content\/uploads\/2025\/09\/shopping_cart_96dp_CA9D75_FILL0_wght200_GRAD0_opsz48.png\" class=\"attachment-full size-full\" alt=\"\" \/>\t\t<\/div>\n\t\t\t<div class=\"qodef-m-content\">\n\t\t\t\t<h6 class=\"qodef-m-title\" style=\"color: #181D24\">\n\t\t\t\t\t<span class=\"qodef-m-title-text\">Shopping<\/span>\n\t\t\t<\/h6>\n\t\t\t\t<p class=\"qodef-m-text\" style=\"color: #66696C\">Galeria P\u00f3\u0142nocna i du\u017ce centra handlowe \u2013 10\u201315 minut. <\/p>\n\t\t<\/div>\n\t<\/div>\n\t\t\t\t<\/div>\n\t\t\t\t<\/div>\n\t\t\t\t\t<\/div>\n\t\t<\/div>\n\t\t\t\t\t<\/div>\n\t\t<\/section>\n\t\t\t\t<section class=\"elementor-section elementor-inner-section elementor-element elementor-element-ace4059 qodef-elementor-content-grid elementor-section-boxed elementor-section-height-default elementor-section-height-default\" data-id=\"ace4059\" data-element_type=\"section\">\n\t\t\t\t\t\t<div class=\"elementor-container elementor-column-gap-default\">\n\t\t\t\t\t<div class=\"elementor-column elementor-col-33 elementor-inner-column elementor-element elementor-element-2e48768\" data-id=\"2e48768\" data-element_type=\"column\">\n\t\t\t<div class=\"elementor-widget-wrap elementor-element-populated\">\n\t\t\t\t\t\t<div class=\"elementor-element elementor-element-3fa64f7 elementor-widget elementor-widget-belfort_core_icon_with_text\" data-id=\"3fa64f7\" data-element_type=\"widget\" data-widget_type=\"belfort_core_icon_with_text.default\">\n\t\t\t\t<div class=\"elementor-widget-container\">\n\t\t\t\t\t<div class=\"qodef-shortcode qodef-m qodef-icon-with-text qodef-layout--top qodef--custom-icon qodef-alignment--center\">\n\t<div class=\"qodef-m-icon-wrapper\">\n\t\t\t\t\t<img loading=\"lazy\" decoding=\"async\" width=\"96\" height=\"96\" src=\"https:\/\/jhhome.com.pl\/wp-content\/uploads\/2025\/09\/book_5_96dp_CA9D75_FILL0_wght200_GRAD0_opsz48.png\" class=\"attachment-full size-full\" alt=\"\" \/>\t\t<\/div>\n\t\t\t<div class=\"qodef-m-content\">\n\t\t\t\t<h6 class=\"qodef-m-title\" style=\"color: #181D24\">\n\t\t\t\t\t<span class=\"qodef-m-title-text\">Edukacja<\/span>\n\t\t\t<\/h6>\n\t\t\t\t<p class=\"qodef-m-text\" style=\"color: #66696C\">Szko\u0142y, przedszkola i tereny rekreacyjne w pobli\u017cu \u2013 idealne dla rodzin z dzie\u0107mi. <\/p>\n\t\t<\/div>\n\t<\/div>\n\t\t\t\t<\/div>\n\t\t\t\t<\/div>\n\t\t\t\t\t<\/div>\n\t\t<\/div>\n\t\t\t\t<div class=\"elementor-column elementor-col-33 elementor-inner-column elementor-element elementor-element-1eb0e41\" data-id=\"1eb0e41\" data-element_type=\"column\">\n\t\t\t<div class=\"elementor-widget-wrap elementor-element-populated\">\n\t\t\t\t\t\t<div class=\"elementor-element elementor-element-89e9755 elementor-widget elementor-widget-belfort_core_icon_with_text\" data-id=\"89e9755\" data-element_type=\"widget\" data-widget_type=\"belfort_core_icon_with_text.default\">\n\t\t\t\t<div class=\"elementor-widget-container\">\n\t\t\t\t\t<div class=\"qodef-shortcode qodef-m qodef-icon-with-text qodef-layout--top qodef--custom-icon qodef-alignment--center\">\n\t<div class=\"qodef-m-icon-wrapper\">\n\t\t\t\t\t<img loading=\"lazy\" decoding=\"async\" width=\"96\" height=\"96\" src=\"https:\/\/jhhome.com.pl\/wp-content\/uploads\/2025\/09\/directions_bus_96dp_CA9D75_FILL0_wght200_GRAD0_opsz48.png\" class=\"attachment-full size-full\" alt=\"\" \/>\t\t<\/div>\n\t\t\t<div class=\"qodef-m-content\">\n\t\t\t\t<h6 class=\"qodef-m-title\" style=\"color: #181D24\">\n\t\t\t\t\t<span class=\"qodef-m-title-text\">Transport<\/span>\n\t\t\t<\/h6>\n\t\t\t\t<p class=\"qodef-m-text\" style=\"color: #66696C\">Dobre po\u0142\u0105czenia komunikacyjne \u2013 autobusy i tramwaje w stron\u0119 Marymontu, \u017berania i Winnicy. <\/p>\n\t\t<\/div>\n\t<\/div>\n\t\t\t\t<\/div>\n\t\t\t\t<\/div>\n\t\t\t\t\t<\/div>\n\t\t<\/div>\n\t\t\t\t<div class=\"elementor-column elementor-col-33 elementor-inner-column elementor-element elementor-element-4e71dfb\" data-id=\"4e71dfb\" data-element_type=\"column\">\n\t\t\t<div class=\"elementor-widget-wrap elementor-element-populated\">\n\t\t\t\t\t\t<div class=\"elementor-element elementor-element-5050be3 elementor-widget elementor-widget-belfort_core_icon_with_text\" data-id=\"5050be3\" data-element_type=\"widget\" data-widget_type=\"belfort_core_icon_with_text.default\">\n\t\t\t\t<div class=\"elementor-widget-container\">\n\t\t\t\t\t<div class=\"qodef-shortcode qodef-m qodef-icon-with-text qodef-layout--top qodef--custom-icon qodef-alignment--center\">\n\t<div class=\"qodef-m-icon-wrapper\">\n\t\t\t\t\t<img loading=\"lazy\" decoding=\"async\" width=\"96\" height=\"96\" src=\"https:\/\/jhhome.com.pl\/wp-content\/uploads\/2025\/09\/flyover_96dp_CA9D75_FILL0_wght200_GRAD0_opsz48.png\" class=\"attachment-full size-full\" alt=\"\" \/>\t\t<\/div>\n\t\t\t<div class=\"qodef-m-content\">\n\t\t\t\t<h6 class=\"qodef-m-title\" style=\"color: #181D24\">\n\t\t\t\t\t<span class=\"qodef-m-title-text\">Dojazd<\/span>\n\t\t\t<\/h6>\n\t\t\t\t<p class=\"qodef-m-text\" style=\"color: #66696C\">Do trasy szybkiego ruchu S8 ,trasy Armii Krajowej jest zaledwie 5,5 km.<\/p>\n\t\t<\/div>\n\t<\/div>\n\t\t\t\t<\/div>\n\t\t\t\t<\/div>\n\t\t\t\t\t<\/div>\n\t\t<\/div>\n\t\t\t\t\t<\/div>\n\t\t<\/section>\n\t\t\t\t\t<\/div>\n\t\t<\/div>\n\t\t\t\t\t<\/div>\n\t\t<\/section>\n\t\t\t\t<section class=\"elementor-section elementor-top-section elementor-element elementor-element-7a540ad elementor-section-full_width elementor-section-height-default elementor-section-height-default\" data-id=\"7a540ad\" data-element_type=\"section\">\n\t\t\t\t\t\t<div class=\"elementor-container elementor-column-gap-default\">\n\t\t\t\t\t<div class=\"elementor-column elementor-col-100 elementor-top-column elementor-element elementor-element-23d2b1e\" data-id=\"23d2b1e\" data-element_type=\"column\">\n\t\t\t<div class=\"elementor-widget-wrap elementor-element-populated\">\n\t\t\t\t\t\t<section class=\"elementor-section elementor-inner-section elementor-element elementor-element-7869d5a qodef-elementor-content-grid elementor-section-boxed elementor-section-height-default elementor-section-height-default\" data-id=\"7869d5a\" data-element_type=\"section\">\n\t\t\t\t\t\t<div class=\"elementor-container elementor-column-gap-default\">\n\t\t\t\t\t<div class=\"elementor-column elementor-col-100 elementor-inner-column elementor-element elementor-element-3128440\" data-id=\"3128440\" data-element_type=\"column\">\n\t\t\t<div class=\"elementor-widget-wrap elementor-element-populated\">\n\t\t\t\t\t\t<div class=\"elementor-element elementor-element-ac1218c elementor-widget__width-initial elementor-widget elementor-widget-belfort_core_section_title\" data-id=\"ac1218c\" data-element_type=\"widget\" data-widget_type=\"belfort_core_section_title.default\">\n\t\t\t\t<div class=\"elementor-widget-container\">\n\t\t\t\t\t<div class=\"qodef-shortcode qodef-m qodef-section-title qodef-alignment--center\">\n    \t<p class=\"qodef-m-label\" >Termin realizacji<\/p>\n\t\t<h2 class=\"qodef-m-title\" >\n\t\t\t\t\tPlanowany odbi\u00f3r: II\/III kwarta\u0142 2027 roku. \t\t\t<\/h2>\n\t<\/div>\n\t\t\t\t<\/div>\n\t\t\t\t<\/div>\n\t\t\t\t<div class=\"elementor-element elementor-element-52e32e3 elementor-widget__width-initial elementor-widget elementor-widget-text-editor\" data-id=\"52e32e3\" data-element_type=\"widget\" data-widget_type=\"text-editor.default\">\n\t\t\t\t\t\t\t\t\t<p><span style=\"font-weight: 400;\">Sprzeda\u017c w ramach ustawy deweloperskiej \u2013 bezpiecze\u0144stwo zakupu. <\/span><\/p>\t\t\t\t\t\t\t\t<\/div>\n\t\t\t\t\t<\/div>\n\t\t<\/div>\n\t\t\t\t\t<\/div>\n\t\t<\/section>\n\t\t\t\t\t<\/div>\n\t\t<\/div>\n\t\t\t\t\t<\/div>\n\t\t<\/section>\n\t\t\t\t<section class=\"elementor-section elementor-top-section elementor-element elementor-element-2b3045f6 elementor-section-full_width qodef-elementor-content-grid elementor-section-height-default elementor-section-height-default\" data-id=\"2b3045f6\" data-element_type=\"section\">\n\t\t\t\t\t\t<div class=\"elementor-container elementor-column-gap-no\">\n\t\t\t\t\t<div class=\"elementor-column elementor-col-100 elementor-top-column elementor-element elementor-element-77b5b7ec\" data-id=\"77b5b7ec\" data-element_type=\"column\">\n\t\t\t<div class=\"elementor-widget-wrap elementor-element-populated\">\n\t\t\t\t\t\t<div class=\"elementor-element elementor-element-1b861dcc elementor-widget elementor-widget-belfort_core_section_title\" data-id=\"1b861dcc\" data-element_type=\"widget\" data-widget_type=\"belfort_core_section_title.default\">\n\t\t\t\t<div class=\"elementor-widget-container\">\n\t\t\t\t\t<div class=\"qodef-shortcode qodef-m qodef-section-title qodef-alignment--center\">\n    \t<p class=\"qodef-m-label\" style=\"margin-bottom: 10px\">Kontakt<\/p>\n\t\t<h2 class=\"qodef-m-title\" >\n\t\t\t\t\tSkontaktujemy si\u0119\u00a0z Tob\u0105\t\t\t<\/h2>\n\t<\/div>\n\t\t\t\t<\/div>\n\t\t\t\t<\/div>\n\t\t\t\t<div class=\"elementor-element elementor-element-358fbcde elementor-widget__width-initial elementor-widget elementor-widget-wp-widget-belfort_core_contact_form_7\" data-id=\"358fbcde\" data-element_type=\"widget\" data-widget_type=\"wp-widget-belfort_core_contact_form_7.default\">\n\t\t\t\t<div class=\"elementor-widget-container\">\n\t\t\t\t\t\t\t\t<div class=\"qodef-contact-form-7\">\n\t\t\t\t\n<div class=\"wpcf7 no-js\" id=\"wpcf7-f654-o1\" lang=\"en-US\" dir=\"ltr\" data-wpcf7-id=\"654\">\n<div class=\"screen-reader-response\"><p role=\"status\" aria-live=\"polite\" aria-atomic=\"true\"><\/p> <ul><\/ul><\/div>\n<form action=\"\/en\/wp-json\/wp\/v2\/pages\/7650#wpcf7-f654-o1\" method=\"post\" class=\"wpcf7-form init demo\" aria-label=\"Contact form\" novalidate=\"novalidate\" data-status=\"init\" data-trp-original-action=\"\/en\/wp-json\/wp\/v2\/pages\/7650#wpcf7-f654-o1\">\n<fieldset class=\"hidden-fields-container\"><input type=\"hidden\" name=\"_wpcf7\" value=\"654\" \/><input type=\"hidden\" name=\"_wpcf7_version\" value=\"6.1.1\" \/><input type=\"hidden\" name=\"_wpcf7_locale\" value=\"en_US\" \/><input type=\"hidden\" name=\"_wpcf7_unit_tag\" value=\"wpcf7-f654-o1\" \/><input type=\"hidden\" name=\"_wpcf7_container_post\" value=\"0\" \/><input type=\"hidden\" name=\"_wpcf7_posted_data_hash\" value=\"\" \/>\n<\/fieldset>\n<div class=\"qodef-main-contact\"><label><span class=\"wpcf7-form-control-wrap\" data-name=\"your-name\"><input size=\"40\" maxlength=\"400\" class=\"wpcf7-form-control wpcf7-text wpcf7-validates-as-required\" aria-required=\"true\" aria-invalid=\"false\" placeholder=\"Imi\u0119, nazwisko\" value=\"\" type=\"text\" name=\"your-name\" \/><\/span> <\/label><label><span class=\"wpcf7-form-control-wrap\" data-name=\"your-email\"><input size=\"40\" maxlength=\"400\" class=\"wpcf7-form-control wpcf7-email wpcf7-validates-as-required wpcf7-text wpcf7-validates-as-email\" aria-required=\"true\" aria-invalid=\"false\" placeholder=\"Adres e-mail\" value=\"\" type=\"email\" name=\"your-email\" \/><\/span> <\/label><label><span class=\"wpcf7-form-control-wrap\" data-name=\"your-phone\"><input size=\"40\" maxlength=\"400\" class=\"wpcf7-form-control wpcf7-text wpcf7-validates-as-required\" aria-required=\"true\" aria-invalid=\"false\" placeholder=\"Nr telefonu\" value=\"\" type=\"text\" name=\"your-phone\" \/><\/span><\/label><span class=\"qodef-label\"><span class=\"qodef-checkbox-holder\"><span class=\"wpcf7-form-control-wrap\" data-name=\"your-consent\"><span class=\"wpcf7-form-control wpcf7-acceptance\"><span class=\"wpcf7-list-item\"><label><input type=\"checkbox\" name=\"your-consent\" value=\"1\" aria-invalid=\"false\" \/><span class=\"wpcf7-list-item-label\">Akceptuj\u0119 z zapoznan\u0105 si\u0119<\/span><\/label><\/span><\/span><\/span> <a href=\"\/en\/polityka-prywatnosci\/\">polityk\u0105 prywatno\u015bci<\/a>.<\/span><\/span>\n\n<div class=\"qodef-button-holder\"><button class=\"wpcf7-form-control wpcf7-submit qodef-button qodef-size--normal qodef-layout--filled qodef-m\" type=\"submit\"><span class=\"qodef-m-text\">Wy\u015blij<\/span><\/button><\/div><\/div><div class=\"wpcf7-response-output\" aria-hidden=\"true\"><\/div>\n<input type=\"hidden\" name=\"trp-form-language\" value=\"en\"\/><\/form>\n<\/div>\n\t\t\t<\/div>\n\t\t\t\t\t\t\t<\/div>\n\t\t\t\t<\/div>\n\t\t\t\t\t<\/div>\n\t\t<\/div>\n\t\t\t\t\t<\/div>\n\t\t<\/section>\n\t\t\t\t<\/div>","protected":false},"excerpt":{"rendered":"<p>Bia\u0142o\u0142\u0119cka 263 Lokalizacja Bia\u0142o\u0142\u0119ka to idealne miejsce dla ludzi ceni\u0105cych sobie spok\u00f3j, komfort i wygod\u0119 blisko natury a zarazem sprawne po\u0142\u0105czenie z\u00a0 centrum Warszawy. Na kameraln\u0105 atmosfer\u0119 miejsca wp\u0142ywa s\u0105siedztwo lasu i kana\u0142u rzeki D\u0142ugiej. Bia\u0142o\u0142\u0119ka Zielona, spokojna cz\u0119\u015b\u0107 Bia\u0142o\u0142\u0119ki. Centrum Do centrum: 25\u201335 minut autem, Most Grota \u2013 10\u201315 minut. Shopping Galeria P\u00f3\u0142nocna i [&hellip;]<\/p>\n","protected":false},"author":1,"featured_media":0,"parent":0,"menu_order":0,"comment_status":"closed","ping_status":"closed","template":"page-full-width.php","meta":{"footnotes":""},"class_list":["post-7650","page","type-page","status-publish","hentry"],"_links":{"self":[{"href":"https:\/\/jhhome.com.pl\/en\/wp-json\/wp\/v2\/pages\/7650","targetHints":{"allow":["GET"]}}],"collection":[{"href":"https:\/\/jhhome.com.pl\/en\/wp-json\/wp\/v2\/pages"}],"about":[{"href":"https:\/\/jhhome.com.pl\/en\/wp-json\/wp\/v2\/types\/page"}],"author":[{"embeddable":true,"href":"https:\/\/jhhome.com.pl\/en\/wp-json\/wp\/v2\/users\/1"}],"replies":[{"embeddable":true,"href":"https:\/\/jhhome.com.pl\/en\/wp-json\/wp\/v2\/comments?post=7650"}],"version-history":[{"count":7,"href":"https:\/\/jhhome.com.pl\/en\/wp-json\/wp\/v2\/pages\/7650\/revisions"}],"predecessor-version":[{"id":7705,"href":"https:\/\/jhhome.com.pl\/en\/wp-json\/wp\/v2\/pages\/7650\/revisions\/7705"}],"wp:attachment":[{"href":"https:\/\/jhhome.com.pl\/en\/wp-json\/wp\/v2\/media?parent=7650"}],"curies":[{"name":"wp","href":"https:\/\/api.w.org\/{rel}","templated":true}]}}